{"id":913,"date":"2024-10-16T15:37:59","date_gmt":"2024-10-16T15:37:59","guid":{"rendered":"https:\/\/fruitiki.ee\/?post_type=product&#038;p=913"},"modified":"2026-01-05T04:36:29","modified_gmt":"2026-01-05T04:36:29","slug":"puuviljarullid-oun-melon-copy-copy-copy-copy-copy-copy-copy-copy-copy-copy-copy-copy-copy-copy-copy-copy-copy-copy-copy-copy-copy-copy-copy-copy-copy-3","status":"publish","type":"product","link":"https:\/\/fruitiki.ee\/et\/product\/puuviljarullid-oun-melon-copy-copy-copy-copy-copy-copy-copy-copy-copy-copy-copy-copy-copy-copy-copy-copy-copy-copy-copy-copy-copy-copy-copy-copy-copy-3\/","title":{"rendered":"\u00d5unad agaavisiirupi ja p\u00e4hklitega"},"content":{"rendered":"<p align=\"center\">Koostisosad: \u00f5unad, agaavisiirup, p\u00e4hklid (mandel, sarapuup\u00e4hklid, k\u00f5rvitsaseemned).<\/p>\n<p align=\"center\">Toitumisandmed 100 g kohta: Rasva kokku: 31,71 g K\u00fcllastunud rasvhapped: 3,45% S\u00fcsivesikud kokku: 12,69g: 64,77g Suhkrud: 22,23% 565 kcal\/ 2364 kj<\/p>\n","protected":false},"excerpt":{"rendered":"<div class=\"xdj266r x11i5rnm xat24cr x1mh8g0r x1vvkbs x126k92a\">\n<div dir=\"auto\" style=\"text-align: center;\">\n<p align=\"center\"><span style=\"font-size: medium;\"><b>\u00d5unad agavesiirupi ja p\u00e4hklitega<\/b><\/span><\/p>\n<\/div>\n<\/div>\n","protected":false},"featured_media":2016,"comment_status":"open","ping_status":"closed","template":"","meta":[],"product_brand":[],"product_cat":[56],"product_tag":[],"class_list":{"0":"post-913","1":"product","2":"type-product","3":"status-publish","4":"has-post-thumbnail","6":"product_cat-segukarbid","8":"first","9":"instock","10":"shipping-taxable","11":"purchasable","12":"product-type-variable"},"_links":{"self":[{"href":"https:\/\/fruitiki.ee\/et\/wp-json\/wp\/v2\/product\/913","targetHints":{"allow":["GET"]}}],"collection":[{"href":"https:\/\/fruitiki.ee\/et\/wp-json\/wp\/v2\/product"}],"about":[{"href":"https:\/\/fruitiki.ee\/et\/wp-json\/wp\/v2\/types\/product"}],"replies":[{"embeddable":true,"href":"https:\/\/fruitiki.ee\/et\/wp-json\/wp\/v2\/comments?post=913"}],"wp:featuredmedia":[{"embeddable":true,"href":"https:\/\/fruitiki.ee\/et\/wp-json\/wp\/v2\/media\/2016"}],"wp:attachment":[{"href":"https:\/\/fruitiki.ee\/et\/wp-json\/wp\/v2\/media?parent=913"}],"wp:term":[{"taxonomy":"product_brand","embeddable":true,"href":"https:\/\/fruitiki.ee\/et\/wp-json\/wp\/v2\/product_brand?post=913"},{"taxonomy":"product_cat","embeddable":true,"href":"https:\/\/fruitiki.ee\/et\/wp-json\/wp\/v2\/product_cat?post=913"},{"taxonomy":"product_tag","embeddable":true,"href":"https:\/\/fruitiki.ee\/et\/wp-json\/wp\/v2\/product_tag?post=913"}],"curies":[{"name":"wp","href":"https:\/\/api.w.org\/{rel}","templated":true}]}}