{"id":838,"date":"2024-10-16T14:58:34","date_gmt":"2024-10-16T14:58:34","guid":{"rendered":"https:\/\/fruitiki.ee\/?post_type=product&#038;p=838"},"modified":"2024-11-09T23:49:26","modified_gmt":"2024-11-09T23:49:26","slug":"puuviljarullid-oun-melon-copy-copy-copy-copy-copy-copy-copy-copy-copy-copy-copy-copy-copy-copy-copy-copy-copy-copy-copy-copy-copy-copy-copy","status":"publish","type":"product","link":"https:\/\/fruitiki.ee\/et\/product\/puuviljarullid-oun-melon-copy-copy-copy-copy-copy-copy-copy-copy-copy-copy-copy-copy-copy-copy-copy-copy-copy-copy-copy-copy-copy-copy-copy\/","title":{"rendered":"Melon"},"content":{"rendered":"<p align=\"center\">Koostisosad: v\u00e4rske melon (100%).<\/p>\n<p align=\"center\">Toitumisandmed 100 g kohta: Rasva kokku:2,5 g K\u00fcllastunud rasvhapped:0 g S\u00fcsivesikud kokku:63,86 g Suhkrud:36g 285 kcal\/ 1192 kj<\/p>\n","protected":false},"excerpt":{"rendered":"<div class=\"xdj266r x11i5rnm xat24cr x1mh8g0r x1vvkbs x126k92a\">\n<div dir=\"auto\" style=\"text-align: center;\">Koos hommikuse kaerahelbepudru, kohvi v\u00f5i teega v\u00f5i lihtsalt vahepalana.<\/div>\n<div dir=\"auto\" style=\"text-align: center;\">Frips (kuivatatud puuviljad )ja puuviljarullid sobivad suurep\u00e4raselt k\u00f5igega.<\/div>\n<\/div>\n<div class=\"x11i5rnm xat24cr x1mh8g0r x1vvkbs xtlvy1s x126k92a\">\n<div dir=\"auto\" style=\"text-align: center;\">Maitsvad, vitamiinirikkad ja tervislikud maiustused, mis on valmistatud looduslikest koostisosadest.<\/div>\n<div dir=\"auto\" style=\"text-align: center;\">Lihtne s\u00fc\u00fca, raske l\u00f5petada!<\/div>\n<\/div>\n","protected":false},"featured_media":1644,"comment_status":"open","ping_status":"closed","template":"","meta":[],"product_brand":[],"product_cat":[59],"product_tag":[],"class_list":{"0":"post-838","1":"product","2":"type-product","3":"status-publish","4":"has-post-thumbnail","6":"product_cat-frips-et","8":"first","9":"instock","10":"shipping-taxable","11":"purchasable","12":"product-type-variable"},"_links":{"self":[{"href":"https:\/\/fruitiki.ee\/et\/wp-json\/wp\/v2\/product\/838","targetHints":{"allow":["GET"]}}],"collection":[{"href":"https:\/\/fruitiki.ee\/et\/wp-json\/wp\/v2\/product"}],"about":[{"href":"https:\/\/fruitiki.ee\/et\/wp-json\/wp\/v2\/types\/product"}],"replies":[{"embeddable":true,"href":"https:\/\/fruitiki.ee\/et\/wp-json\/wp\/v2\/comments?post=838"}],"wp:featuredmedia":[{"embeddable":true,"href":"https:\/\/fruitiki.ee\/et\/wp-json\/wp\/v2\/media\/1644"}],"wp:attachment":[{"href":"https:\/\/fruitiki.ee\/et\/wp-json\/wp\/v2\/media?parent=838"}],"wp:term":[{"taxonomy":"product_brand","embeddable":true,"href":"https:\/\/fruitiki.ee\/et\/wp-json\/wp\/v2\/product_brand?post=838"},{"taxonomy":"product_cat","embeddable":true,"href":"https:\/\/fruitiki.ee\/et\/wp-json\/wp\/v2\/product_cat?post=838"},{"taxonomy":"product_tag","embeddable":true,"href":"https:\/\/fruitiki.ee\/et\/wp-json\/wp\/v2\/product_tag?post=838"}],"curies":[{"name":"wp","href":"https:\/\/api.w.org\/{rel}","templated":true}]}}