{"id":3368,"date":"2025-09-24T08:44:20","date_gmt":"2025-09-24T08:44:20","guid":{"rendered":"https:\/\/fruitiki.ee\/product\/glogiveini-karp\/"},"modified":"2025-12-08T10:22:13","modified_gmt":"2025-12-08T10:22:13","slug":"glogiveini-karp","status":"publish","type":"product","link":"https:\/\/fruitiki.ee\/et\/product\/glogiveini-karp\/","title":{"rendered":"Gl\u00f6giveini karp"},"content":{"rendered":"<p>Feteasc\u0103 Neagr\u0103 by Vin\u0103ria Ungheni on Moldova iseloomulik punane vein &#8211; kuiv, hubane, marjade, vanilli ja v\u00fcrtside nootidega. Sobib ideaalselt iseseisvalt v\u00f5i soojendava h\u00f5\u00f5gveini alusena, mida saate ise valmistada &#8211; k\u00f5ik vajalikud koostisosad on karbis! <\/p>\n<p>Nagu ka ideaalne paaritus teie joogi juurde &#8211; <a href=\"https:\/\/fruitiki.ee\/et\/product\/puuviljarullid-oun-melon-copy-copy-copy-copy-copy-copy-copy-copy-copy-copy-copy-copy-copy-copy-copy-copy-copy-copy-copy-copy-copy-copy-copy-copy-copy-3\/\">\u00f5unad agaavisiirupi ja p\u00e4hklitega<\/a>, <a href=\"https:\/\/fruitiki.ee\/et\/product\/puuviljarullid-oun-melon-copy-copy-copy-copy-copy-copy-copy-copy-copy-copy-copy-copy-copy\/\">\u00f5una-viinamarja-banaani puuviljarullid<\/a> ja <a href=\"https:\/\/fruitiki.ee\/et\/product\/puuviljarullid-oun-melon-copy-copy-copy-copy-copy-copy-copy-copy-copy-copy-copy-copy-copy-copy-copy-copy\/\">pirni friisid<\/a>.<\/p>\n","protected":false},"excerpt":{"rendered":"<article class=\"text-token-text-primary w-full focus:outline-none scroll-mt-[calc(var(--header-height)+min(200px,max(70px,20svh)))]\" dir=\"auto\" tabindex=\"-1\" data-turn-id=\"request-WEB:280076a4-cec1-4e36-a1b4-1e670097454e-13\" data-testid=\"conversation-turn-28\" data-scroll-anchor=\"true\" data-turn=\"assistant\">\n<div class=\"text-base my-auto mx-auto pb-10 [--thread-content-margin:--spacing(4)] thread-sm:[--thread-content-margin:--spacing(6)] thread-lg:[--thread-content-margin:--spacing(16)] px-(--thread-content-margin)\">\n<div class=\"[--thread-content-max-width:40rem] thread-lg:[--thread-content-max-width:48rem] mx-auto max-w-(--thread-content-max-width) flex-1 group\/turn-messages focus-visible:outline-hidden relative flex w-full min-w-0 flex-col agent-turn\" tabindex=\"-1\">\n<div class=\"flex max-w-full flex-col grow\">\n<div class=\"min-h-8 text-message relative flex w-full flex-col items-end gap-2 text-start break-words whitespace-normal [.text-message+&amp;]:mt-5\" dir=\"auto\" data-message-author-role=\"assistant\" data-message-id=\"763625b5-71b4-4ea3-861b-d9e2ddef234a\" data-message-model-slug=\"gpt-5\">\n<div class=\"flex w-full flex-col gap-1 empty:hidden first:pt-[3px]\">\n<div class=\"markdown prose dark:prose-invert w-full break-words light markdown-new-styling\">\n<p data-start=\"0\" data-end=\"183\" data-is-last-node=\"\" data-is-only-node=\"\">Moldova iseloomulik kuiv punane vein marjade, vanilje ja v\u00fcrtsidega, millele on lisatud puuvilja suupisted ja k\u00f5ik koostisosad, et valmistada oma h\u00f5\u00f5gveini.<\/p>\n<\/div>\n<\/div>\n<\/div>\n<\/div>\n<div class=\"z-0 flex min-h-[46px] justify-start\"><\/div>\n<div class=\"mt-3 w-full empty:hidden\">\n<div class=\"text-center\"><\/div>\n<\/div>\n<\/div>\n<\/div>\n<\/article>\n<div class=\"pointer-events-none h-px w-px\" aria-hidden=\"true\" data-edge=\"true\"><\/div>\n","protected":false},"featured_media":3286,"comment_status":"open","ping_status":"closed","template":"","meta":[],"product_brand":[],"product_cat":[70,56],"product_tag":[],"class_list":{"0":"post-3368","1":"product","2":"type-product","3":"status-publish","4":"has-post-thumbnail","6":"product_cat-joulukarbid-2","7":"product_cat-segukarbid","9":"first","10":"outofstock","11":"sale","12":"shipping-taxable","13":"purchasable","14":"product-type-simple"},"_links":{"self":[{"href":"https:\/\/fruitiki.ee\/et\/wp-json\/wp\/v2\/product\/3368","targetHints":{"allow":["GET"]}}],"collection":[{"href":"https:\/\/fruitiki.ee\/et\/wp-json\/wp\/v2\/product"}],"about":[{"href":"https:\/\/fruitiki.ee\/et\/wp-json\/wp\/v2\/types\/product"}],"replies":[{"embeddable":true,"href":"https:\/\/fruitiki.ee\/et\/wp-json\/wp\/v2\/comments?post=3368"}],"wp:featuredmedia":[{"embeddable":true,"href":"https:\/\/fruitiki.ee\/et\/wp-json\/wp\/v2\/media\/3286"}],"wp:attachment":[{"href":"https:\/\/fruitiki.ee\/et\/wp-json\/wp\/v2\/media?parent=3368"}],"wp:term":[{"taxonomy":"product_brand","embeddable":true,"href":"https:\/\/fruitiki.ee\/et\/wp-json\/wp\/v2\/product_brand?post=3368"},{"taxonomy":"product_cat","embeddable":true,"href":"https:\/\/fruitiki.ee\/et\/wp-json\/wp\/v2\/product_cat?post=3368"},{"taxonomy":"product_tag","embeddable":true,"href":"https:\/\/fruitiki.ee\/et\/wp-json\/wp\/v2\/product_tag?post=3368"}],"curies":[{"name":"wp","href":"https:\/\/api.w.org\/{rel}","templated":true}]}}