{"id":3365,"date":"2025-11-20T19:08:35","date_gmt":"2025-11-20T19:08:35","guid":{"rendered":"https:\/\/fruitiki.ee\/product\/puhkuse-maagiline-kast\/"},"modified":"2026-01-05T04:36:27","modified_gmt":"2026-01-05T04:36:27","slug":"puhkuse-maagiline-kast","status":"publish","type":"product","link":"https:\/\/fruitiki.ee\/et\/product\/puhkuse-maagiline-kast\/","title":{"rendered":"Puhkuse maagiline kast"},"content":{"rendered":"<p class=\"p1\">Holiday Magic Box on pidulik valik naturaalseid puuviljah\u00f5rgutisi, mis on m\u00f5eldud spetsiaalselt talvehooajaks ja j\u00f5ulukingituseks. Karbis on puuviljarullid, \u00f5unad agavisiirupi ja p\u00e4hklitega ning v\u00e4rskeid segatud friisid, mis on valmistatud persimmonist, pirnist, kiivist ja maasikast. <\/p>\n<p class=\"p1\">K\u00f5ik maiuspalad on k\u00e4sit\u00f6\u00f6na valmistatud ilma lisatud suhkru, kunstlike lisaainete ja s\u00e4ilitusaineteta. Holiday Magic Box on suurep\u00e4rane valik j\u00f5ulukingituseks, firmakomplektideks, \u00f5petajate kingitusteks ja \u00fcllatusteks s\u00f5pradele, kolleegidele ja perekonnale. <\/p>\n<p class=\"p1\">Soe, hubane ja tervislik kingitus, mis toob iga suut\u00e4iega kaasa t\u00f5elise p\u00fchademeeleolu.<\/p>\n","protected":false},"excerpt":{"rendered":"<p>Holiday Magic Box on pidulik valik naturaalseid puuviljah\u00f5rgutisi, mis on m\u00f5eldud spetsiaalselt talvehooajaks ja j\u00f5ulukingituseks. Karbis on puuviljarullid, \u00f5unad agavisiirupi ja p\u00e4hklitega ning v\u00e4rskeid segatud friisid, mis on valmistatud persimmonist, pirnist, kiivist ja maasikast. K\u00f5ik maiuspalad on k\u00e4sit\u00f6\u00f6na valmistatud ilma lisatud suhkru, kunstlike lisaainete ja s\u00e4ilitusaineteta. Holiday Magic Box on suurep\u00e4rane valik j\u00f5ulukingituseks, firmakomplektideks, \u00f5petajate [&hellip;]<\/p>\n","protected":false},"featured_media":3311,"comment_status":"open","ping_status":"closed","template":"","meta":[],"product_brand":[],"product_cat":[70,39],"product_tag":[],"class_list":{"0":"post-3365","1":"product","2":"type-product","3":"status-publish","4":"has-post-thumbnail","6":"product_cat-joulukarbid-2","7":"product_cat-mittekategoriseeritud","9":"first","10":"instock","11":"shipping-taxable","12":"purchasable","13":"product-type-simple"},"_links":{"self":[{"href":"https:\/\/fruitiki.ee\/et\/wp-json\/wp\/v2\/product\/3365","targetHints":{"allow":["GET"]}}],"collection":[{"href":"https:\/\/fruitiki.ee\/et\/wp-json\/wp\/v2\/product"}],"about":[{"href":"https:\/\/fruitiki.ee\/et\/wp-json\/wp\/v2\/types\/product"}],"replies":[{"embeddable":true,"href":"https:\/\/fruitiki.ee\/et\/wp-json\/wp\/v2\/comments?post=3365"}],"wp:featuredmedia":[{"embeddable":true,"href":"https:\/\/fruitiki.ee\/et\/wp-json\/wp\/v2\/media\/3311"}],"wp:attachment":[{"href":"https:\/\/fruitiki.ee\/et\/wp-json\/wp\/v2\/media?parent=3365"}],"wp:term":[{"taxonomy":"product_brand","embeddable":true,"href":"https:\/\/fruitiki.ee\/et\/wp-json\/wp\/v2\/product_brand?post=3365"},{"taxonomy":"product_cat","embeddable":true,"href":"https:\/\/fruitiki.ee\/et\/wp-json\/wp\/v2\/product_cat?post=3365"},{"taxonomy":"product_tag","embeddable":true,"href":"https:\/\/fruitiki.ee\/et\/wp-json\/wp\/v2\/product_tag?post=3365"}],"curies":[{"name":"wp","href":"https:\/\/api.w.org\/{rel}","templated":true}]}}