{"id":3363,"date":"2025-11-20T19:44:17","date_gmt":"2025-11-20T19:44:17","guid":{"rendered":"https:\/\/fruitiki.ee\/product\/elegantne-delight-box\/"},"modified":"2026-01-05T04:36:27","modified_gmt":"2026-01-05T04:36:27","slug":"elegantne-delight-box","status":"publish","type":"product","link":"https:\/\/fruitiki.ee\/et\/product\/elegantne-delight-box\/","title":{"rendered":"Elegantne Delight Box"},"content":{"rendered":"<p class=\"p1\">Elegant Delight Box on esmaklassiline valik naturaalseid puuviljamaiustusi, mis on valmistatud 100% puuviljadest ja marjadest ning on t\u00e4iesti suhkrulisandita. Seest leiad puuviljakommid, mini puuviljarullid ja puuviljapopsid &#8211; k\u00f5ik hoolikalt valitud hooajalistest puuviljadest k\u00e4sitsi valmistatud. <\/p>\n<p class=\"p1\">See kinkekarp sobib ideaalselt j\u00f5uludeks, \u00e4rikingituseks ja l\u00e4bim\u00f5eldud kingituseks kolleegidele, s\u00f5pradele ja l\u00e4hedastele. Selles on \u00fchendatud erksad maitsed, tervislikud koostisosad ja elegantne esitlus, mis teeb sellest mitmek\u00fclgse valiku igaks juhuks. <\/p>\n<p class=\"p1\">Sobib ideaalselt teejoomiseks, p\u00fchadelaudade kaunistamiseks v\u00f5i lihtsalt tervislikuks alternatiiviks traditsioonilistele maiustustele.<\/p>\n","protected":false},"excerpt":{"rendered":"<p>Elegant Delight Box on esmaklassiline valik naturaalseid puuviljamaiustusi, mis on valmistatud 100% puuviljadest ja marjadest ning on t\u00e4iesti suhkrulisandita. Seest leiad puuviljakommid, mini puuviljarullid ja puuviljapopsid &#8211; k\u00f5ik hoolikalt valitud hooajalistest puuviljadest k\u00e4sitsi valmistatud. See kinkekarp sobib ideaalselt j\u00f5uludeks, \u00e4rikingituseks ja l\u00e4bim\u00f5eldud kingituseks kolleegidele, s\u00f5pradele ja l\u00e4hedastele. Selles on \u00fchendatud erksad maitsed, tervislikud koostisosad ja [&hellip;]<\/p>\n","protected":false},"featured_media":3316,"comment_status":"open","ping_status":"closed","template":"","meta":[],"product_brand":[],"product_cat":[70,39],"product_tag":[],"class_list":{"0":"post-3363","1":"product","2":"type-product","3":"status-publish","4":"has-post-thumbnail","6":"product_cat-joulukarbid-2","7":"product_cat-mittekategoriseeritud","9":"first","10":"outofstock","11":"shipping-taxable","12":"purchasable","13":"product-type-simple"},"_links":{"self":[{"href":"https:\/\/fruitiki.ee\/et\/wp-json\/wp\/v2\/product\/3363","targetHints":{"allow":["GET"]}}],"collection":[{"href":"https:\/\/fruitiki.ee\/et\/wp-json\/wp\/v2\/product"}],"about":[{"href":"https:\/\/fruitiki.ee\/et\/wp-json\/wp\/v2\/types\/product"}],"replies":[{"embeddable":true,"href":"https:\/\/fruitiki.ee\/et\/wp-json\/wp\/v2\/comments?post=3363"}],"wp:featuredmedia":[{"embeddable":true,"href":"https:\/\/fruitiki.ee\/et\/wp-json\/wp\/v2\/media\/3316"}],"wp:attachment":[{"href":"https:\/\/fruitiki.ee\/et\/wp-json\/wp\/v2\/media?parent=3363"}],"wp:term":[{"taxonomy":"product_brand","embeddable":true,"href":"https:\/\/fruitiki.ee\/et\/wp-json\/wp\/v2\/product_brand?post=3363"},{"taxonomy":"product_cat","embeddable":true,"href":"https:\/\/fruitiki.ee\/et\/wp-json\/wp\/v2\/product_cat?post=3363"},{"taxonomy":"product_tag","embeddable":true,"href":"https:\/\/fruitiki.ee\/et\/wp-json\/wp\/v2\/product_tag?post=3363"}],"curies":[{"name":"wp","href":"https:\/\/api.w.org\/{rel}","templated":true}]}}