{"id":3361,"date":"2025-11-20T19:47:01","date_gmt":"2025-11-20T19:47:01","guid":{"rendered":"https:\/\/fruitiki.ee\/product\/sweet-harmony-box\/"},"modified":"2026-01-07T07:53:37","modified_gmt":"2026-01-07T07:53:37","slug":"sweet-harmony-box","status":"publish","type":"product","link":"https:\/\/fruitiki.ee\/et\/product\/sweet-harmony-box\/","title":{"rendered":"Sweet Harmony Box"},"content":{"rendered":"<p><img fetchpriority=\"high\" decoding=\"async\" class=\"alignnone size-medium wp-image-3321\" src=\"https:\/\/fruitiki.ee\/wp-content\/uploads\/2025\/11\/photo_2025-11-20-21.42.20-169x300.jpeg\" alt=\"\" width=\"169\" height=\"300\" srcset=\"https:\/\/fruitiki.ee\/wp-content\/uploads\/2025\/11\/photo_2025-11-20-21.42.20-169x300.jpeg 169w, https:\/\/fruitiki.ee\/wp-content\/uploads\/2025\/11\/photo_2025-11-20-21.42.20-576x1024.jpeg 576w, https:\/\/fruitiki.ee\/wp-content\/uploads\/2025\/11\/photo_2025-11-20-21.42.20-600x1067.jpeg 600w, https:\/\/fruitiki.ee\/wp-content\/uploads\/2025\/11\/photo_2025-11-20-21.42.20.jpeg 720w\" sizes=\"(max-width: 169px) 100vw, 169px\" \/><\/p>\n","protected":false},"excerpt":{"rendered":"<p class=\"p1\">Sweet Harmony Box on v\u00e4ike, kuid rikkalik sortiment naturaalseid puuviljah\u00f5rgutisi neile, kes hindavad puhtaid, puuviljaseid maitseid. Seest leiad puuviljakommid ja minipopsid, mis on valmistatud 100% puuviljadest ilma lisatud suhkru ja lisaaineteta. <\/p>\n<p class=\"p1\">See sobib ideaalselt v\u00e4ikeseks kingituseks, kliendi v\u00f5i kolleegi komplimendiks v\u00f5i tervislikuks igap\u00e4evaseks suupisteks. Sweet Harmony Box on ka suurep\u00e4rane v\u00f5imalus ettev\u00f5tte kingituseks, \u00fcritustele, p\u00fchade t\u00e4histamiseks ja j\u00f5ulukingituseks. <\/p>\n<p class=\"p1\">Kompaktne, stiilne ja uskumatult maitsev.<\/p>\n","protected":false},"featured_media":3352,"comment_status":"open","ping_status":"closed","template":"","meta":[],"product_brand":[],"product_cat":[75,70],"product_tag":[],"class_list":{"0":"post-3361","1":"product","2":"type-product","3":"status-publish","4":"has-post-thumbnail","6":"product_cat-christmas-boxes","7":"product_cat-joulukarbid-2","9":"first","10":"outofstock","11":"shipping-taxable","12":"purchasable","13":"product-type-simple"},"_links":{"self":[{"href":"https:\/\/fruitiki.ee\/et\/wp-json\/wp\/v2\/product\/3361","targetHints":{"allow":["GET"]}}],"collection":[{"href":"https:\/\/fruitiki.ee\/et\/wp-json\/wp\/v2\/product"}],"about":[{"href":"https:\/\/fruitiki.ee\/et\/wp-json\/wp\/v2\/types\/product"}],"replies":[{"embeddable":true,"href":"https:\/\/fruitiki.ee\/et\/wp-json\/wp\/v2\/comments?post=3361"}],"wp:featuredmedia":[{"embeddable":true,"href":"https:\/\/fruitiki.ee\/et\/wp-json\/wp\/v2\/media\/3352"}],"wp:attachment":[{"href":"https:\/\/fruitiki.ee\/et\/wp-json\/wp\/v2\/media?parent=3361"}],"wp:term":[{"taxonomy":"product_brand","embeddable":true,"href":"https:\/\/fruitiki.ee\/et\/wp-json\/wp\/v2\/product_brand?post=3361"},{"taxonomy":"product_cat","embeddable":true,"href":"https:\/\/fruitiki.ee\/et\/wp-json\/wp\/v2\/product_cat?post=3361"},{"taxonomy":"product_tag","embeddable":true,"href":"https:\/\/fruitiki.ee\/et\/wp-json\/wp\/v2\/product_tag?post=3361"}],"curies":[{"name":"wp","href":"https:\/\/api.w.org\/{rel}","templated":true}]}}