{"id":179,"date":"2024-10-15T14:00:41","date_gmt":"2024-10-15T14:00:41","guid":{"rendered":"https:\/\/fruitiki.ee\/product\/puuviljarullid-oun-melon\/"},"modified":"2024-11-09T23:39:04","modified_gmt":"2024-11-09T23:39:04","slug":"puuviljarullid-oun-melon","status":"publish","type":"product","link":"https:\/\/fruitiki.ee\/et\/product\/puuviljarullid-oun-melon\/","title":{"rendered":"\u00d5un melon"},"content":{"rendered":"<p align=\"center\">Koostisained: \u00d5un, melon.<\/p>\n<p align=\"center\">Toitumisandmed 100 g kohta: Rasva kokku: 0,96g K\u00fcllastunud rasvhapped: 0,18g S\u00fcsivesikud kokku: 2,59g: 79,92g Suhkrud: 65,15g 305 kcal\/ 1276 kj<\/p>\n","protected":false},"excerpt":{"rendered":"<div class=\"xdj266r x11i5rnm xat24cr x1mh8g0r x1vvkbs x126k92a\">\n<div dir=\"auto\" style=\"text-align: center;\">Koos hommikuse kaerahelbepudru, kohvi v\u00f5i teega v\u00f5i lihtsalt vahepalana.<\/div>\n<div dir=\"auto\" style=\"text-align: center;\">Frips (kuivatatud puuviljad )ja puuviljarullid sobivad suurep\u00e4raselt k\u00f5igega.<\/div>\n<\/div>\n<div class=\"x11i5rnm xat24cr x1mh8g0r x1vvkbs xtlvy1s x126k92a\">\n<div dir=\"auto\" style=\"text-align: center;\">Maitsvad, vitamiinirikkad ja tervislikud maiustused, mis on valmistatud looduslikest koostisosadest.<\/div>\n<div dir=\"auto\" style=\"text-align: center;\">Lihtne s\u00fc\u00fca, raske l\u00f5petada!<\/div>\n<\/div>\n","protected":false},"featured_media":1920,"comment_status":"open","ping_status":"closed","template":"","meta":[],"product_brand":[],"product_cat":[37],"product_tag":[],"class_list":{"0":"post-179","1":"product","2":"type-product","3":"status-publish","4":"has-post-thumbnail","6":"product_cat-puuviljarullid","8":"first","9":"instock","10":"shipping-taxable","11":"purchasable","12":"product-type-variable"},"_links":{"self":[{"href":"https:\/\/fruitiki.ee\/et\/wp-json\/wp\/v2\/product\/179","targetHints":{"allow":["GET"]}}],"collection":[{"href":"https:\/\/fruitiki.ee\/et\/wp-json\/wp\/v2\/product"}],"about":[{"href":"https:\/\/fruitiki.ee\/et\/wp-json\/wp\/v2\/types\/product"}],"replies":[{"embeddable":true,"href":"https:\/\/fruitiki.ee\/et\/wp-json\/wp\/v2\/comments?post=179"}],"wp:featuredmedia":[{"embeddable":true,"href":"https:\/\/fruitiki.ee\/et\/wp-json\/wp\/v2\/media\/1920"}],"wp:attachment":[{"href":"https:\/\/fruitiki.ee\/et\/wp-json\/wp\/v2\/media?parent=179"}],"wp:term":[{"taxonomy":"product_brand","embeddable":true,"href":"https:\/\/fruitiki.ee\/et\/wp-json\/wp\/v2\/product_brand?post=179"},{"taxonomy":"product_cat","embeddable":true,"href":"https:\/\/fruitiki.ee\/et\/wp-json\/wp\/v2\/product_cat?post=179"},{"taxonomy":"product_tag","embeddable":true,"href":"https:\/\/fruitiki.ee\/et\/wp-json\/wp\/v2\/product_tag?post=179"}],"curies":[{"name":"wp","href":"https:\/\/api.w.org\/{rel}","templated":true}]}}