{"id":1177,"date":"2024-10-16T15:17:58","date_gmt":"2024-10-16T15:17:58","guid":{"rendered":"https:\/\/fruitiki.ee\/product\/segukarbid-standard-mix\/"},"modified":"2026-01-05T04:36:28","modified_gmt":"2026-01-05T04:36:28","slug":"segukarbid-standard-mix","status":"publish","type":"product","link":"https:\/\/fruitiki.ee\/et\/product\/segukarbid-standard-mix\/","title":{"rendered":"Standardne segu"},"content":{"rendered":"<p align=\"center\">Toitumisandmed 250 g kohta: Rasva kokku: 3,24 g K\u00fcllastunud rasvhapped: 0,67g S\u00fcsivesikud kokku: 0,67g S\u00fcsivesikud kokku: 0,24 g: 198,4g Looduslikud suhkrud: 130,52g 780,29kcal\/ 3264,8 kj<\/p>\n<p><u>Puuviljarullid:  <\/u><\/p>\n<ul>\n<li>\u00d5un\/ Banaan<\/li>\n<li>Banaan\/apelsin\/kaneel<\/li>\n<li>Banaan\/maasikas<\/li>\n<li>Mango\/ Banaan\/ Kiivi<\/li>\n<li>\u00d5un\/ banaan\/ mango<\/li>\n<li>\u00d5un\/ banaan\/ ananass<\/li>\n<li>Viinamarja\/ Banaan\/ \u00d5un<\/li>\n<\/ul>\n<p align=\"left\"><u>Frips:<\/u><\/p>\n<ul>\n<li>Apple<\/li>\n<li>banaan<\/li>\n<li>oran\u017e<\/li>\n<li>kiivi<\/li>\n<li>ananass<\/li>\n<li>pirn<\/li>\n<\/ul>\n","protected":false},"excerpt":{"rendered":"<p align=\"center\">Puuviljarullid &#8211; 150g<\/p>\n<p align=\"center\">Frips &#8211; 100g<\/p>\n","protected":false},"featured_media":2004,"comment_status":"open","ping_status":"closed","template":"","meta":[],"product_brand":[],"product_cat":[70,56],"product_tag":[],"class_list":{"0":"post-1177","1":"product","2":"type-product","3":"status-publish","4":"has-post-thumbnail","6":"product_cat-joulukarbid-2","7":"product_cat-segukarbid","9":"first","10":"instock","11":"shipping-taxable","12":"purchasable","13":"product-type-simple"},"_links":{"self":[{"href":"https:\/\/fruitiki.ee\/et\/wp-json\/wp\/v2\/product\/1177","targetHints":{"allow":["GET"]}}],"collection":[{"href":"https:\/\/fruitiki.ee\/et\/wp-json\/wp\/v2\/product"}],"about":[{"href":"https:\/\/fruitiki.ee\/et\/wp-json\/wp\/v2\/types\/product"}],"replies":[{"embeddable":true,"href":"https:\/\/fruitiki.ee\/et\/wp-json\/wp\/v2\/comments?post=1177"}],"wp:featuredmedia":[{"embeddable":true,"href":"https:\/\/fruitiki.ee\/et\/wp-json\/wp\/v2\/media\/2004"}],"wp:attachment":[{"href":"https:\/\/fruitiki.ee\/et\/wp-json\/wp\/v2\/media?parent=1177"}],"wp:term":[{"taxonomy":"product_brand","embeddable":true,"href":"https:\/\/fruitiki.ee\/et\/wp-json\/wp\/v2\/product_brand?post=1177"},{"taxonomy":"product_cat","embeddable":true,"href":"https:\/\/fruitiki.ee\/et\/wp-json\/wp\/v2\/product_cat?post=1177"},{"taxonomy":"product_tag","embeddable":true,"href":"https:\/\/fruitiki.ee\/et\/wp-json\/wp\/v2\/product_tag?post=1177"}],"curies":[{"name":"wp","href":"https:\/\/api.w.org\/{rel}","templated":true}]}}